{"id":3337,"date":"2026-03-26T14:55:30","date_gmt":"2026-03-26T13:55:30","guid":{"rendered":"https:\/\/tvpha.riedgruppe-ost.de\/?page_id=3337"},"modified":"2026-04-10T09:15:41","modified_gmt":"2026-04-10T07:15:41","slug":"weitere-untersuchungen","status":"publish","type":"page","link":"https:\/\/tvpha.riedgruppe-ost.de\/index.php\/weitere-untersuchungen\/","title":{"rendered":"Weitere Untersuchungen"},"content":{"rendered":"\n<p class=\"has-text-align-left\" style=\"font-size:15px;font-style:normal;font-weight:600\">Analysen f\u00fcr Glyphosat und Kampfmittelr\u00fcckst\u00e4nde &#8211; Werk Feuersteinberg<\/p>\n\n\n\n<p class=\"has-text-align-left has-small-font-size\">Untersuchungsbericht nach der Trinkwasserverordnung (TrinkwV)<\/p>\n\n\n\n<p class=\"has-text-align-left has-small-font-size\">Stand: 24.01.2018<\/p>\n\n\n\n<figure class=\"wp-block-table is-style-regular has-small-font-size\"><table class=\"has-fixed-layout\"><thead><tr><th>Parameter<\/th><th>Einheit<\/th><th>Grenzwert nach TVO<\/th><th>Ergebnis<\/th><\/tr><\/thead><tbody><tr><td>Glyphosat<\/td><td>\u00b5g\/l<\/td><td>0,1<\/td><td>&lt; 0,05<\/td><\/tr><tr><td>AMPA<\/td><td>\u00b5g\/l<\/td><td><\/td><td>&lt; 0,05<\/td><\/tr><tr><td>Hexanitrodiphenylamin (Hexyl)<\/td><td>\u00b5g\/l<\/td><td><\/td><td>&lt; 0,03<\/td><\/tr><tr><td>Nitropenta<\/td><td>\u00b5g\/l<\/td><td><\/td><td>&lt; 0,03<\/td><\/tr><tr><td>Oktogen<\/td><td>\u00b5g\/l<\/td><td><\/td><td>&lt; 0,03<\/td><\/tr><tr><td>2,4,6-Trinitrophenol (Pikrins\u00e4ure)<\/td><td>\u00b5g\/l<\/td><td><\/td><td>&lt; 0,03<\/td><\/tr><tr><td>Tetryl<\/td><td>\u00b5g\/l<\/td><td><\/td><td>&lt; 0,05<\/td><\/tr><tr><td>Hexogen<\/td><td>\u00b5g\/l<\/td><td><\/td><td>&lt; 0,03<\/td><\/tr><tr><td>Nitrobenzol<\/td><td>\u00b5g\/l<\/td><td><\/td><td>&lt; 0,02<\/td><\/tr><tr><td>1,2-Dinitrobenzol<\/td><td>\u00b5g\/l<\/td><td><\/td><td>&lt; 0,02<\/td><\/tr><tr><td>1,3-Dinitrobenzol<\/td><td>\u00b5g\/l<\/td><td><\/td><td>&lt; 0,02<\/td><\/tr><tr><td>1,3,5-Trinitrobenzol<\/td><td>\u00b5g\/l<\/td><td><\/td><td>&lt; 0,02<\/td><\/tr><tr><td>1,4-Dinitrobenzol<\/td><td>\u00b5g\/l<\/td><td><\/td><td>&lt; 0,02<\/td><\/tr><tr><td>2-Nitrotoluol<\/td><td>\u00b5g\/l<\/td><td><\/td><td>&lt; 0,02<\/td><\/tr><tr><td>3-Nitrotoluol<\/td><td>\u00b5g\/l<\/td><td><\/td><td>&lt; 0,02<\/td><\/tr><tr><td>4-Nitrotoluol<\/td><td>\u00b5g\/l<\/td><td><\/td><td>&lt; 0,02<\/td><\/tr><tr><td>2,3-Dinitrotoluol<\/td><td>\u00b5g\/l<\/td><td><\/td><td>&lt; 0,02<\/td><\/tr><tr><td>2,4-Dinitrotoluol<\/td><td>\u00b5g\/l<\/td><td><\/td><td>&lt; 0,03<\/td><\/tr><tr><td>2,6-Dinitrotoluol<\/td><td>\u00b5g\/l<\/td><td><\/td><td>&lt; 0,03<\/td><\/tr><tr><td>3,4-Dinitrotoluol<\/td><td>\u00b5g\/l<\/td><td><\/td><td>&lt; 0,02<\/td><\/tr><tr><td>2,4,6-Trinitrotoluol<\/td><td>\u00b5g\/l<\/td><td><\/td><td>&lt; 0,04<\/td><\/tr><tr><td>2-Chlornitrobenzol<\/td><td>\u00b5g\/l<\/td><td><\/td><td>&lt; 0,03<\/td><\/tr><tr><td>3-Chlornitrobenzol<\/td><td>\u00b5g\/l<\/td><td><\/td><td>&lt; 0,02<\/td><\/tr><tr><td>4-Chlornitrobenzol<\/td><td>\u00b5g\/l<\/td><td><\/td><td>&lt; 0,03<\/td><\/tr><tr><td>2-Amino-4-Nitrotoluol<\/td><td>\u00b5g\/l<\/td><td><\/td><td>&lt; 0,02<\/td><\/tr><tr><td>2-Amino-6-Nitrotoluol<\/td><td>\u00b5g\/l<\/td><td><\/td><td>&lt; 0,02<\/td><\/tr><tr><td>2-Amino-4,6-Dinitrotoluol<\/td><td>\u00b5g\/l<\/td><td><\/td><td>&lt; 0,02<\/td><\/tr><tr><td>4-Amino-2,6-Dinitrotoluol<\/td><td>\u00b5g\/l<\/td><td><\/td><td>&lt; 0,02<\/td><\/tr><tr><td>4-Amino-2-Nitrotoluol<\/td><td>\u00b5g\/l<\/td><td><\/td><td>&lt; 0,02<\/td><\/tr><tr><td>1,2-Dichlorbenzol<\/td><td>\u00b5g\/l<\/td><td><\/td><td>&lt; 0,02<\/td><\/tr><tr><td>1,4-Dichlorbenzol<\/td><td>\u00b5g\/l<\/td><td><\/td><td>&lt; 0,02<\/td><\/tr><tr><td>1,2,4-Trichlorbenzol<\/td><td>\u00b5g\/l<\/td><td><\/td><td>&lt; 0,02<\/td><\/tr><tr><td>Pentachlorphenol<\/td><td>\u00b5g\/l<\/td><td><\/td><td>&lt; 0,050<\/td><\/tr><\/tbody><\/table><\/figure>\n\n\n\n<p><\/p>\n\n\n\n<h5 class=\"wp-block-heading has-text-align-left\" style=\"font-size:15px;font-style:normal;font-weight:600\">Analysen f\u00fcr Glyphosat und Kampfmittelr\u00fcckst\u00e4nde &#8211; Werk J\u00e4gersburg<\/h5>\n\n\n\n<p class=\"has-text-align-left has-small-font-size\">Untersuchungsbericht nach der Trinkwasserverordnung (TrinkwV)<\/p>\n\n\n\n<p class=\"has-text-align-left has-small-font-size\">Stand: 24.01.2018<\/p>\n\n\n\n<figure class=\"wp-block-table is-style-regular has-small-font-size\"><table class=\"has-fixed-layout\"><thead><tr><th>Parameter<\/th><th>Einheit<\/th><th>Grenzwert nach TVO<\/th><th>Ergebnis<\/th><\/tr><\/thead><tbody><tr><td>Glyphosat<\/td><td>\u00b5g\/l<\/td><td>0,1                                           <\/td><td>&lt; 0,05              <\/td><\/tr><tr><td>AMPA<\/td><td>\u00b5g\/l<\/td><td><\/td><td>&lt; 0,05<\/td><\/tr><tr><td>Hexanitrodiphenylamin (Hexyl)<\/td><td>\u00b5g\/l<\/td><td><\/td><td>&lt; 0,03<\/td><\/tr><tr><td>Nitropenta<\/td><td>\u00b5g\/l<\/td><td><\/td><td>&lt; 0,03<\/td><\/tr><tr><td>Oktogen<\/td><td>\u00b5g\/l<\/td><td><\/td><td>&lt; 0,03<\/td><\/tr><tr><td>2,4,6-Trinitrophenol (Pikrins\u00e4ure)           <\/td><td>\u00b5g\/l          <\/td><td><\/td><td>&lt; 0,03<\/td><\/tr><tr><td>Tetryl<\/td><td>\u00b5g\/l<\/td><td><\/td><td>&lt; 0,05<\/td><\/tr><tr><td>Hexogen<\/td><td>\u00b5g\/l<\/td><td><\/td><td>&lt; 0,03<\/td><\/tr><tr><td>Nitrobenzol<\/td><td>\u00b5g\/l<\/td><td><\/td><td>&lt; 0,02<\/td><\/tr><tr><td>1,2-Dinitrobenzol<\/td><td>\u00b5g\/l<\/td><td><\/td><td>&lt; 0,02<\/td><\/tr><tr><td>1,3-Dinitrobenzol<\/td><td>\u00b5g\/l<\/td><td><\/td><td>&lt; 0,02<\/td><\/tr><tr><td>1,3,5-Trinitrobenzol<\/td><td>\u00b5g\/l<\/td><td><\/td><td>&lt; 1,0<\/td><\/tr><tr><td>1,4-Dinitrobenzol<\/td><td>\u00b5g\/l<\/td><td><\/td><td>&lt; 0,02<\/td><\/tr><tr><td>2-Nitrotoluol<\/td><td>\u00b5g\/l<\/td><td><\/td><td>&lt; 0,02<\/td><\/tr><tr><td>3-Nitrotoluol<\/td><td>\u00b5g\/l<\/td><td><\/td><td>&lt; 0,02<\/td><\/tr><tr><td>4-Nitrotoluol<\/td><td>\u00b5g\/l<\/td><td><\/td><td>&lt; 0,02<\/td><\/tr><tr><td>2,3-Dinitrotoluol<\/td><td>\u00b5g\/l<\/td><td><\/td><td>&lt; 0,02<\/td><\/tr><tr><td>2,4-Dinitrotoluol<\/td><td>\u00b5g\/l<\/td><td><\/td><td>&lt; 0,03<\/td><\/tr><tr><td>2,6-Dinitrotoluol<\/td><td>\u00b5g\/l<\/td><td><\/td><td>&lt; 0,03<\/td><\/tr><tr><td>3,4-Dinitrotoluol<\/td><td>\u00b5g\/l<\/td><td><\/td><td>&lt; 0,02<\/td><\/tr><tr><td>2,4,6-Trinitrotoluol<\/td><td>\u00b5g\/l<\/td><td><\/td><td>&lt; 0,04<\/td><\/tr><tr><td>2-Chlornitrobenzol<\/td><td>\u00b5g\/l<\/td><td><\/td><td>&lt; 0,03<\/td><\/tr><tr><td>3-Chlornitrobenzol<\/td><td>\u00b5g\/l<\/td><td><\/td><td>&lt; 0,02<\/td><\/tr><tr><td>4-Chlornitrobenzol<\/td><td>\u00b5g\/l<\/td><td><\/td><td>&lt; 0,03<\/td><\/tr><tr><td>2-Amino-4-Nitrotoluol<\/td><td>\u00b5g\/l<\/td><td><\/td><td>&lt; 0,02<\/td><\/tr><tr><td>2-Amino-6-Nitrotoluol<\/td><td>\u00b5g\/l<\/td><td><\/td><td>&lt; 0,02<\/td><\/tr><tr><td>2-Amino-4,6-Dinitrotoluol<\/td><td>\u00b5g\/l<\/td><td><\/td><td>&lt; 0,02<\/td><\/tr><tr><td>4-Amino-2,6-Dinitrotoluol<\/td><td>\u00b5g\/l<\/td><td><\/td><td>&lt; 0,02<\/td><\/tr><tr><td>4-Amino-2-Nitrotoluol<\/td><td>\u00b5g\/l<\/td><td><\/td><td>&lt; 0,02<\/td><\/tr><tr><td>1,2-Dichlorbenzol<\/td><td>\u00b5g\/l<\/td><td><\/td><td>&lt; 0,02<\/td><\/tr><tr><td>1,4-Dichlorbenzol<\/td><td>\u00b5g\/l<\/td><td><\/td><td>&lt; 0,02<\/td><\/tr><tr><td>1,2,4-Trichlorbenzol<\/td><td>\u00b5g\/l<\/td><td><\/td><td>&lt; 0,02<\/td><\/tr><tr><td>Pentachlorphenol<\/td><td>\u00b5g\/l<\/td><td><\/td><td>&lt; 0,050<\/td><\/tr><\/tbody><\/table><\/figure>\n\n\n\n<p class=\"has-text-align-left has-small-font-size\">Die Beschaffenheit der Probe entspricht hinsichtlich der untersuchten Parameter den Anforderungen der Trinkwasserverordnung.<\/p>\n\n\n\n<p class=\"has-text-align-left .no-bottom-gap p:last-child, { margin-bottom: 0 !important; padding-bottom: } has-small-font-size\">&lt; x,xx = Wert kleiner Bestimmungsgrenze, n.b. = nicht bestimmbar, o.a.V. = ohne anormale Ver\u00e4nderung<\/p>\n","protected":false},"excerpt":{"rendered":"<p>Analysen f\u00fcr Glyphosat und Kampfmittelr\u00fcckst\u00e4nde &#8211; Werk Feuersteinberg Untersuchungsbericht nach der Trinkwasserverordnung (TrinkwV) Stand: 24.01.2018 Parameter Einheit Grenzwert nach TVO Ergebnis Glyphosat \u00b5g\/l 0,1 &lt; 0,05 AMPA \u00b5g\/l &lt; 0,05 Hexanitrodiphenylamin (Hexyl) \u00b5g\/l &lt; 0,03 Nitropenta \u00b5g\/l &lt; 0,03 Oktogen \u00b5g\/l &lt; 0,03 2,4,6-Trinitrophenol (Pikrins\u00e4ure) \u00b5g\/l &lt; 0,03 Tetryl \u00b5g\/l &lt; 0,05 Hexogen \u00b5g\/l &lt; [&hellip;]<\/p>\n","protected":false},"author":1,"featured_media":0,"parent":0,"menu_order":0,"comment_status":"closed","ping_status":"closed","template":"templates\/creative.php","meta":{"_vp_format_video_url":"","_vp_image_focal_point":[],"footnotes":""},"class_list":["post-3337","page","type-page","status-publish","hentry"],"_links":{"self":[{"href":"https:\/\/tvpha.riedgruppe-ost.de\/index.php\/wp-json\/wp\/v2\/pages\/3337","targetHints":{"allow":["GET"]}}],"collection":[{"href":"https:\/\/tvpha.riedgruppe-ost.de\/index.php\/wp-json\/wp\/v2\/pages"}],"about":[{"href":"https:\/\/tvpha.riedgruppe-ost.de\/index.php\/wp-json\/wp\/v2\/types\/page"}],"author":[{"embeddable":true,"href":"https:\/\/tvpha.riedgruppe-ost.de\/index.php\/wp-json\/wp\/v2\/users\/1"}],"replies":[{"embeddable":true,"href":"https:\/\/tvpha.riedgruppe-ost.de\/index.php\/wp-json\/wp\/v2\/comments?post=3337"}],"version-history":[{"count":21,"href":"https:\/\/tvpha.riedgruppe-ost.de\/index.php\/wp-json\/wp\/v2\/pages\/3337\/revisions"}],"predecessor-version":[{"id":3466,"href":"https:\/\/tvpha.riedgruppe-ost.de\/index.php\/wp-json\/wp\/v2\/pages\/3337\/revisions\/3466"}],"wp:attachment":[{"href":"https:\/\/tvpha.riedgruppe-ost.de\/index.php\/wp-json\/wp\/v2\/media?parent=3337"}],"curies":[{"name":"wp","href":"https:\/\/api.w.org\/{rel}","templated":true}]}}