{"id":3330,"date":"2026-03-26T14:04:10","date_gmt":"2026-03-26T13:04:10","guid":{"rendered":"https:\/\/tvpha.riedgruppe-ost.de\/?page_id=3330"},"modified":"2026-04-10T09:16:16","modified_gmt":"2026-04-10T07:16:16","slug":"werk-feuersteinberg-jaegersburg","status":"publish","type":"page","link":"https:\/\/tvpha.riedgruppe-ost.de\/index.php\/werk-feuersteinberg-jaegersburg\/","title":{"rendered":"Werk Feuersteinberg &amp; J\u00e4gersburg"},"content":{"rendered":"\n<p class=\"has-text-align-left\" style=\"font-size:15px;font-style:normal;font-weight:600\">Untersuchungsergebnisse Spurenstoffe &#8211; Werk J\u00e4gersburg und Feuersteinberg<\/p>\n\n\n\n<p class=\"has-text-align-left has-small-font-size\">Pr\u00fcfbericht des Labors Fresenius zu 2 Trinkwasserproben aus den Wasserwerken Feuersteinberg und J\u00e4gersburg<\/p>\n\n\n\n<p class=\"has-text-align-left has-small-font-size\">Stand: 29.04.2025<\/p>\n\n\n\n<figure class=\"wp-block-table has-small-font-size\"><table><thead><tr><th>Parameter<\/th><th>Einheit<\/th><th>Bestimmungsgrenze<\/th><th>Ergebnis Feuersteinberg<\/th><th>Ergebnis J\u00e4gersburg<\/th><\/tr><\/thead><tbody><tr><td>S\u00fc\u00dfstoffe:<\/td><td><\/td><td><\/td><td><\/td><td><\/td><\/tr><tr><td>Acesulfam-K<\/td><td>\u00b5g\/l<\/td><td>0,01<\/td><td>&lt; 0,01<\/td><td>0,06<\/td><\/tr><tr><td>Sucralose<\/td><td>\u00b5g\/l<\/td><td>0,1<\/td><td>&lt; 0,1<\/td><td>&lt; 0,1<\/td><\/tr><tr><td>Benzotriazole:<\/td><td><\/td><td><\/td><td><\/td><td><\/td><\/tr><tr><td>1H-Benzotriazol<\/td><td>\u00b5g\/l<\/td><td>0,01<\/td><td>&lt; 0,01<\/td><td>&lt; 0,1<\/td><\/tr><tr><td>4-Methyl-1H-benzotriazol<\/td><td>\u00b5g\/l<\/td><td>0,01<\/td><td>&lt; 0,01<\/td><td>&lt; 0,1<\/td><\/tr><tr><td>5-Methyl-1H-benzotriazol<\/td><td>\u00b5g\/l<\/td><td>0,01<\/td><td>&lt; 0,01<\/td><td>&lt; 0,1<\/td><\/tr><tr><td>5,6-Dimethyl-1H-benzotriazol<\/td><td>\u00b5g\/l<\/td><td>0,01<\/td><td>&lt; 0,01<\/td><td>&lt; 0,1<\/td><\/tr><tr><td>Pestizide:<\/td><td><\/td><td><\/td><td><\/td><td><\/td><\/tr><tr><td>Bentazon<\/td><td>\u00b5g\/l<\/td><td>0,05<\/td><td>&lt; 0,05<\/td><td>&lt; 0,05<\/td><\/tr><tr><td>Chloridazon<\/td><td>\u00b5g\/l<\/td><td>0,05<\/td><td>&lt; 0,05<\/td><td>&lt; 0,05<\/td><\/tr><tr><td>Chloridazon Metab. B DPC<\/td><td>\u00b5g\/l<\/td><td>0,02<\/td><td>&#8211;<\/td><td>0,07<\/td><\/tr><tr><td>Mecoprop<\/td><td>\u00b5g\/l<\/td><td>0,05<\/td><td>&lt; 0,05<\/td><td>&lt; 0,05<\/td><\/tr><tr><td>Mecoprop, 2,6-<\/td><td>\u00b5g\/l<\/td><td>0,05<\/td><td>&lt; 0,05<\/td><td>&lt; 0,05<\/td><\/tr><tr><td>Trifluoressigs\u00e4ure (TFA)<\/td><td>\u00b5g\/l<\/td><td>0,05<\/td><td>&lt; 0,05<\/td><td>0,48<\/td><\/tr><tr><td>PFT:<\/td><td><\/td><td><\/td><td><\/td><td><\/td><\/tr><tr><td>Perfluoroctans\u00e4ure (PFOA)<\/td><td>\u00b5g\/l<\/td><td>0,01<\/td><td>&lt; 0,01<\/td><td>&lt; 0,1<\/td><\/tr><tr><td>Perfluoroctansulfons\u00e4ure (PFOS)<\/td><td>\u00b5g\/l<\/td><td>0,01<\/td><td>&lt; 0,01<\/td><td>&lt; 0,1<\/td><\/tr><tr><td>Arzneimittelr\u00fcckst\u00e4nde:<\/td><td><\/td><td><\/td><td><\/td><td><\/td><\/tr><tr><td>Amidotrizoes\u00e4ure<\/td><td>\u00b5g\/l<\/td><td>0,05<\/td><td>&lt; 0,05<\/td><td>0,10<\/td><\/tr><tr><td>Azithromycin<\/td><td>\u00b5g\/l<\/td><td>0,10<\/td><td>&lt; 0,10<\/td><td>&lt; 0,10<\/td><\/tr><tr><td>Carbamazepin<\/td><td>\u00b5g\/l<\/td><td>0,02<\/td><td>&lt; 0,02<\/td><td>&lt; 0,02<\/td><\/tr><tr><td>Clofibrins\u00e4ure<\/td><td>\u00b5g\/l<\/td><td>0,02<\/td><td>&lt; 0,02<\/td><td>&lt; 0,02<\/td><\/tr><tr><td>Diclofenac<\/td><td>\u00b5g\/l<\/td><td>0,02<\/td><td>&lt; 0,02<\/td><td>&lt; 0,02<\/td><\/tr><tr><td>Gabapentin<\/td><td>\u00b5g\/l<\/td><td>0,02<\/td><td>&lt; 0,02<\/td><td>&lt; 0,02<\/td><\/tr><tr><td>Iopamidol<\/td><td>\u00b5g\/l<\/td><td>0,05<\/td><td>&lt; 0,05<\/td><td>&lt; 0,05<\/td><\/tr><tr><td>Sulfamethoxazol<\/td><td>\u00b5g\/l<\/td><td>0,02<\/td><td>&lt; 0,02<\/td><td>&lt; 0,02<\/td><\/tr><tr><td>Sulfapyridin<\/td><td>\u00b5g\/l<\/td><td>0,02<\/td><td>&lt; 0,02<\/td><td>&lt; 0,02<\/td><\/tr><tr><td>Toluolsulfons\u00e4ure, p &#8211;<\/td><td>\u00b5g\/l<\/td><td>0,10<\/td><td>&lt; 0,10<\/td><td>&lt; 0,10<\/td><\/tr><\/tbody><\/table><\/figure>\n\n\n\n<p class=\"has-text-align-left has-small-font-size\">Die Beschaffenheit der Probe entspricht hinsichtlich der untersuchten Parameter den Anforderungen der Trinkwasserverordnung.<\/p>\n\n\n\n<p class=\"has-text-align-left has-small-font-size\">&lt; x,xx = Wert kleiner Bestimmungsgrenze, n.b. = nicht bestimmbar, o.a.V. = ohne anormale Ver\u00e4nderung<\/p>\n","protected":false},"excerpt":{"rendered":"<p>Untersuchungsergebnisse Spurenstoffe &#8211; Werk J\u00e4gersburg und Feuersteinberg Pr\u00fcfbericht des Labors Fresenius zu 2 Trinkwasserproben aus den Wasserwerken Feuersteinberg und J\u00e4gersburg Stand: 29.04.2025 Parameter Einheit Bestimmungsgrenze Ergebnis Feuersteinberg Ergebnis J\u00e4gersburg S\u00fc\u00dfstoffe: Acesulfam-K \u00b5g\/l 0,01 &lt; 0,01 0,06 Sucralose \u00b5g\/l 0,1 &lt; 0,1 &lt; 0,1 Benzotriazole: 1H-Benzotriazol \u00b5g\/l 0,01 &lt; 0,01 &lt; 0,1 4-Methyl-1H-benzotriazol \u00b5g\/l 0,01 &lt; [&hellip;]<\/p>\n","protected":false},"author":1,"featured_media":0,"parent":0,"menu_order":0,"comment_status":"closed","ping_status":"closed","template":"templates\/creative.php","meta":{"_vp_format_video_url":"","_vp_image_focal_point":[],"footnotes":""},"class_list":["post-3330","page","type-page","status-publish","hentry"],"_links":{"self":[{"href":"https:\/\/tvpha.riedgruppe-ost.de\/index.php\/wp-json\/wp\/v2\/pages\/3330","targetHints":{"allow":["GET"]}}],"collection":[{"href":"https:\/\/tvpha.riedgruppe-ost.de\/index.php\/wp-json\/wp\/v2\/pages"}],"about":[{"href":"https:\/\/tvpha.riedgruppe-ost.de\/index.php\/wp-json\/wp\/v2\/types\/page"}],"author":[{"embeddable":true,"href":"https:\/\/tvpha.riedgruppe-ost.de\/index.php\/wp-json\/wp\/v2\/users\/1"}],"replies":[{"embeddable":true,"href":"https:\/\/tvpha.riedgruppe-ost.de\/index.php\/wp-json\/wp\/v2\/comments?post=3330"}],"version-history":[{"count":9,"href":"https:\/\/tvpha.riedgruppe-ost.de\/index.php\/wp-json\/wp\/v2\/pages\/3330\/revisions"}],"predecessor-version":[{"id":3467,"href":"https:\/\/tvpha.riedgruppe-ost.de\/index.php\/wp-json\/wp\/v2\/pages\/3330\/revisions\/3467"}],"wp:attachment":[{"href":"https:\/\/tvpha.riedgruppe-ost.de\/index.php\/wp-json\/wp\/v2\/media?parent=3330"}],"curies":[{"name":"wp","href":"https:\/\/api.w.org\/{rel}","templated":true}]}}